{"id":3461,"date":"2020-11-30T16:43:10","date_gmt":"2020-11-30T15:43:10","guid":{"rendered":"https:\/\/www.bremer-kantorei-stephani.de\/circulo-de-amigos\/"},"modified":"2020-12-01T14:26:10","modified_gmt":"2020-12-01T13:26:10","slug":"circulo-de-amigos","status":"publish","type":"page","link":"https:\/\/www.bremer-kantorei-stephani.de\/es\/circulo-de-amigos\/","title":{"rendered":"C\u00edrculo de amigos"},"content":{"rendered":"\t\t<div data-elementor-type=\"wp-page\" data-elementor-id=\"3461\" class=\"elementor elementor-3461 elementor-3105\" data-elementor-post-type=\"page\">\n\t\t\t\t\t\t<section class=\"elementor-section elementor-top-section elementor-element elementor-element-abede9a elementor-section-full_width elementor-section-stretched elementor-section-height-default elementor-section-height-default\" data-id=\"abede9a\" data-element_type=\"section\" data-e-type=\"section\" data-settings=\"{&quot;stretch_section&quot;:&quot;section-stretched&quot;}\">\n\t\t\t\t\t\t<div class=\"elementor-container elementor-column-gap-no\">\n\t\t\t\t\t<div class=\"elementor-column elementor-col-100 elementor-top-column elementor-element elementor-element-133da40\" data-id=\"133da40\" data-element_type=\"column\" data-e-type=\"column\">\n\t\t\t<div class=\"elementor-widget-wrap elementor-element-populated\">\n\t\t\t\t\t\t<div class=\"elementor-element elementor-element-a37daa3 elementor--h-position-center elementor--v-position-middle elementor-pagination-position-inside elementor-widget elementor-widget-slides\" data-id=\"a37daa3\" data-element_type=\"widget\" data-e-type=\"widget\" data-settings=\"{&quot;autoplay_speed&quot;:8000,&quot;transition&quot;:&quot;fade&quot;,&quot;transition_speed&quot;:3000,&quot;navigation&quot;:&quot;dots&quot;,&quot;autoplay&quot;:&quot;yes&quot;,&quot;pause_on_hover&quot;:&quot;yes&quot;,&quot;pause_on_interaction&quot;:&quot;yes&quot;,&quot;infinite&quot;:&quot;yes&quot;}\" data-widget_type=\"slides.default\">\n\t\t\t\t<div class=\"elementor-widget-container\">\n\t\t\t\t\t\t\t\t\t<div class=\"elementor-swiper\">\n\t\t\t\t\t<div class=\"elementor-slides-wrapper elementor-main-swiper swiper\" role=\"region\" aria-roledescription=\"carousel\" aria-label=\"Diapositivas\" dir=\"ltr\" data-animation=\"fadeInUp\">\n\t\t\t\t<div class=\"swiper-wrapper elementor-slides\">\n\t\t\t\t\t\t\t\t\t\t<div class=\"elementor-repeater-item-f7f212a swiper-slide\" role=\"group\" aria-roledescription=\"slide\"><div class=\"swiper-slide-bg\" role=\"img\" aria-label=\"menschen-1\"><\/div><div class=\"swiper-slide-inner\" ><div class=\"swiper-slide-contents\"><\/div><\/div><\/div><div class=\"elementor-repeater-item-06efb07 swiper-slide\" role=\"group\" aria-roledescription=\"slide\"><div class=\"swiper-slide-bg\" role=\"img\" aria-label=\"menschen-2\"><\/div><div class=\"swiper-slide-inner\" ><div class=\"swiper-slide-contents\"><\/div><\/div><\/div><div class=\"elementor-repeater-item-b6903b0 swiper-slide\" role=\"group\" aria-roledescription=\"slide\"><div class=\"swiper-slide-bg\" role=\"img\" aria-label=\"menschen-3\"><\/div><div class=\"swiper-slide-inner\" ><div class=\"swiper-slide-contents\"><\/div><\/div><\/div><div class=\"elementor-repeater-item-f7105f6 swiper-slide\" role=\"group\" aria-roledescription=\"slide\"><div class=\"swiper-slide-bg\" role=\"img\" aria-label=\"menschen-4\"><\/div><div class=\"swiper-slide-inner\" ><div class=\"swiper-slide-contents\"><\/div><\/div><\/div><div class=\"elementor-repeater-item-c21716b swiper-slide\" role=\"group\" aria-roledescription=\"slide\"><div class=\"swiper-slide-bg\" role=\"img\" aria-label=\"menschen-5\"><\/div><div class=\"swiper-slide-inner\" ><div class=\"swiper-slide-contents\"><\/div><\/div><\/div><div class=\"elementor-repeater-item-8f74e11 swiper-slide\" role=\"group\" aria-roledescription=\"slide\"><div class=\"swiper-slide-bg\" role=\"img\" aria-label=\"menschen-7\"><\/div><div class=\"swiper-slide-inner\" ><div class=\"swiper-slide-contents\"><\/div><\/div><\/div>\t\t\t\t<\/div>\n\t\t\t\t\t\t\t\t\t\t\t\t\t\t\t\t\t\t\t\t<div class=\"swiper-pagination\"><\/div>\n\t\t\t\t\t\t\t\t\t\t\t\t<\/div>\n\t\t\t\t<\/div>\n\t\t\t\t\t\t\t\t<\/div>\n\t\t\t\t<\/div>\n\t\t\t\t\t<\/div>\n\t\t<\/div>\n\t\t\t\t\t<\/div>\n\t\t<\/section>\n\t\t\t\t<section class=\"elementor-section elementor-top-section elementor-element elementor-element-85980f1 elementor-section-boxed elementor-section-height-default elementor-section-height-default\" data-id=\"85980f1\" data-element_type=\"section\" data-e-type=\"section\">\n\t\t\t\t\t\t<div class=\"elementor-container elementor-column-gap-default\">\n\t\t\t\t\t<div class=\"elementor-column elementor-col-100 elementor-top-column elementor-element elementor-element-5faa84e\" data-id=\"5faa84e\" data-element_type=\"column\" data-e-type=\"column\">\n\t\t\t<div class=\"elementor-widget-wrap elementor-element-populated\">\n\t\t\t\t\t\t<div class=\"elementor-element elementor-element-db68b60 elementor-widget elementor-widget-spacer\" data-id=\"db68b60\" data-element_type=\"widget\" data-e-type=\"widget\" data-widget_type=\"spacer.default\">\n\t\t\t\t<div class=\"elementor-widget-container\">\n\t\t\t\t\t\t\t<div class=\"elementor-spacer\">\n\t\t\t<div class=\"elementor-spacer-inner\"><\/div>\n\t\t<\/div>\n\t\t\t\t\t\t<\/div>\n\t\t\t\t<\/div>\n\t\t\t\t\t<\/div>\n\t\t<\/div>\n\t\t\t\t\t<\/div>\n\t\t<\/section>\n\t\t\t\t<section class=\"elementor-section elementor-top-section elementor-element elementor-element-7ffec1a elementor-section-full_width elementor-section-height-default elementor-section-height-default\" data-id=\"7ffec1a\" data-element_type=\"section\" data-e-type=\"section\">\n\t\t\t\t\t\t<div class=\"elementor-container elementor-column-gap-default\">\n\t\t\t\t\t<div class=\"elementor-column elementor-col-50 elementor-top-column elementor-element elementor-element-7a0682e\" data-id=\"7a0682e\" data-element_type=\"column\" data-e-type=\"column\">\n\t\t\t<div class=\"elementor-widget-wrap elementor-element-populated\">\n\t\t\t\t\t\t<div class=\"elementor-element elementor-element-a6f4df4 elementor-widget elementor-widget-heading\" data-id=\"a6f4df4\" data-element_type=\"widget\" data-e-type=\"widget\" data-widget_type=\"heading.default\">\n\t\t\t\t<div class=\"elementor-widget-container\">\n\t\t\t\t\t<h1 class=\"elementor-heading-title elementor-size-default\">C\u00edrculo de amigos de la m\u00fasica en la Iglesia cultural St. Stephani<\/h1>\t\t\t\t<\/div>\n\t\t\t\t<\/div>\n\t\t\t\t<div class=\"elementor-element elementor-element-a94af6e elementor-widget elementor-widget-text-editor\" data-id=\"a94af6e\" data-element_type=\"widget\" data-e-type=\"widget\" data-widget_type=\"text-editor.default\">\n\t\t\t\t<div class=\"elementor-widget-container\">\n\t\t\t\t\t\t\t\t\t<p>La m\u00fasica necesita, adem\u00e1s de int\u00e9rpretes, muchos amigos. Hace ya tiempo que los conciertos no pueden financiarse solo con el dinero procedente de los presupuestos y la venta de entradas. Desde noviembre de 2000, el C\u00edrculo de amigos ayuda a que el coro <a href=\"https:\/\/www.bremer-kantorei-stephani.de\/es\/coro\/\" target=\"_blank\" rel=\"noopener\">Bremer Kantorei St. Stephani <\/a>contin\u00fae su destacado trabajo para elaborar el programa de conciertos, reforzar la calidad del coro y programar contenidos originales.<\/p><p>Tambi\u00e9n consideramos miembros a los colaboradores, oyentes y mel\u00f3manos; a todos nos une un mismo objetivo: garantizar que el destacado trabajo musical que se ha venido realizando en la iglesia de <a href=\"https:\/\/www.bremer-kantorei-stephani.de\/es\/san-stephani\/\" target=\"_blank\" rel=\"noopener\">St. Stephani<\/a> desde hace siglos pueda continuar. Gracias a las generosas aportaciones del C\u00edrculo de amigos, se ha podido hacer numerosas representaciones al m\u00e1s alto nivel.<\/p><p>Le invitamos de coraz\u00f3n a que se haga miembro del C\u00edrculo de amigos. Haga una valiosa aportaci\u00f3n a uno de los coros m\u00e1s antiguos de la ciudad de Bremen: su compromiso es de suma importancia para que el coro <a href=\"https:\/\/www.bremer-kantorei-stephani.de\/es\/coro\/\" target=\"_blank\" rel=\"noopener\">Bremer Kantorei St. Stephani <\/a>pueda continuar su excelente trabajo musical y siga encadenando \u00e9xitos en el futuro.<\/p><p>La presidencia del C\u00edrculo de amigos es un cargo honor\u00edfico: puntuales o regulares, todas y cada una de las aportaciones se utilizan \u00fanica y exclusivamente para financiar el trabajo musical.<\/p>\t\t\t\t\t\t\t\t<\/div>\n\t\t\t\t<\/div>\n\t\t\t\t\t<\/div>\n\t\t<\/div>\n\t\t\t\t<div class=\"elementor-column elementor-col-50 elementor-top-column elementor-element elementor-element-b2793d7\" data-id=\"b2793d7\" data-element_type=\"column\" data-e-type=\"column\">\n\t\t\t<div class=\"elementor-widget-wrap elementor-element-populated\">\n\t\t\t\t\t\t<div class=\"elementor-element elementor-element-7635fed elementor-widget elementor-widget-image\" data-id=\"7635fed\" data-element_type=\"widget\" data-e-type=\"widget\" data-widget_type=\"image.default\">\n\t\t\t\t<div class=\"elementor-widget-container\">\n\t\t\t\t\t\t\t\t\t\t\t\t\t\t\t<img fetchpriority=\"high\" decoding=\"async\" width=\"773\" height=\"1024\" src=\"https:\/\/www.bremer-kantorei-stephani.de\/wp-content\/uploads\/ub4-773x1024.jpg\" class=\"attachment-large size-large wp-image-2670\" alt=\"\" srcset=\"https:\/\/www.bremer-kantorei-stephani.de\/wp-content\/uploads\/ub4-773x1024.jpg 773w, https:\/\/www.bremer-kantorei-stephani.de\/wp-content\/uploads\/ub4-226x300.jpg 226w, https:\/\/www.bremer-kantorei-stephani.de\/wp-content\/uploads\/ub4-768x1018.jpg 768w, https:\/\/www.bremer-kantorei-stephani.de\/wp-content\/uploads\/ub4.jpg 868w\" sizes=\"(max-width: 773px) 100vw, 773px\" \/>\t\t\t\t\t\t\t\t\t\t\t\t\t\t\t<\/div>\n\t\t\t\t<\/div>\n\t\t\t\t<div class=\"elementor-element elementor-element-4129d30 elementor-widget elementor-widget-text-editor\" data-id=\"4129d30\" data-element_type=\"widget\" data-e-type=\"widget\" data-widget_type=\"text-editor.default\">\n\t\t\t\t<div class=\"elementor-widget-container\">\n\t\t\t\t\t\t\t\t\t<h2><span class=\"s1\">Ulrike Brunken<\/span><\/h2><p>Primera presidenta del c\u00edrculo de amigos de la m\u00fasica en la Iglesia cultural <a href=\"https:\/\/kulturkirche-bremen.de\/\" target=\"_blank\" rel=\"noopener\">St. Stephani<\/a><span class=\"s1\"><br \/>Tel +49 421 74 315\u00a0 \u00a0 <a href=\"mailto:foerderkreis@bremer-kantorei-stephani.de\"><span class=\"s2\">E-Mail<\/span><\/a><\/span><\/p><h3>\u00a0<\/h3><h3><span class=\"s1\">Detalles de la cuenta<\/span><\/h3><p class=\"p2\"><span class=\"s1\">IBAN: DE14 2905 0101 0081 3858 90<br \/>BIC: SBRE DE 22<br \/>El trabajo del grupo de apoyo se reconoce como sin fines de lucro. Los recibos de donaciones deducibles de impuestos se pueden emitir a pedido.<br \/><\/span><\/p><p><span class=\"s1\">\u00a0<\/span><\/p>\t\t\t\t\t\t\t\t<\/div>\n\t\t\t\t<\/div>\n\t\t\t\t\t<\/div>\n\t\t<\/div>\n\t\t\t\t\t<\/div>\n\t\t<\/section>\n\t\t\t\t<section class=\"elementor-section elementor-top-section elementor-element elementor-element-ac2f7c5 elementor-section-boxed elementor-section-height-default elementor-section-height-default\" data-id=\"ac2f7c5\" data-element_type=\"section\" data-e-type=\"section\">\n\t\t\t\t\t\t<div class=\"elementor-container elementor-column-gap-default\">\n\t\t\t\t\t<div class=\"elementor-column elementor-col-100 elementor-top-column elementor-element elementor-element-46977a5\" data-id=\"46977a5\" data-element_type=\"column\" data-e-type=\"column\">\n\t\t\t<div class=\"elementor-widget-wrap elementor-element-populated\">\n\t\t\t\t\t\t<div class=\"elementor-element elementor-element-54c7137 elementor-widget elementor-widget-spacer\" data-id=\"54c7137\" data-element_type=\"widget\" data-e-type=\"widget\" data-widget_type=\"spacer.default\">\n\t\t\t\t<div class=\"elementor-widget-container\">\n\t\t\t\t\t\t\t<div class=\"elementor-spacer\">\n\t\t\t<div class=\"elementor-spacer-inner\"><\/div>\n\t\t<\/div>\n\t\t\t\t\t\t<\/div>\n\t\t\t\t<\/div>\n\t\t\t\t\t<\/div>\n\t\t<\/div>\n\t\t\t\t\t<\/div>\n\t\t<\/section>\n\t\t\t\t<\/div>\n\t\t","protected":false},"excerpt":{"rendered":"<p>C\u00edrculo de amigos de la m\u00fasica en la Iglesia cultural St. Stephani La m\u00fasica necesita, adem\u00e1s de int\u00e9rpretes, muchos amigos. Hace ya tiempo que los conciertos no pueden financiarse solo con el dinero procedente de los presupuestos y la venta de entradas. Desde noviembre de&#8230;<\/p>\n","protected":false},"author":2,"featured_media":0,"parent":0,"menu_order":0,"comment_status":"closed","ping_status":"closed","template":"","meta":{"footnotes":""},"class_list":["post-3461","page","type-page","status-publish","hentry"],"_links":{"self":[{"href":"https:\/\/www.bremer-kantorei-stephani.de\/es\/wp-json\/wp\/v2\/pages\/3461","targetHints":{"allow":["GET"]}}],"collection":[{"href":"https:\/\/www.bremer-kantorei-stephani.de\/es\/wp-json\/wp\/v2\/pages"}],"about":[{"href":"https:\/\/www.bremer-kantorei-stephani.de\/es\/wp-json\/wp\/v2\/types\/page"}],"author":[{"embeddable":true,"href":"https:\/\/www.bremer-kantorei-stephani.de\/es\/wp-json\/wp\/v2\/users\/2"}],"replies":[{"embeddable":true,"href":"https:\/\/www.bremer-kantorei-stephani.de\/es\/wp-json\/wp\/v2\/comments?post=3461"}],"version-history":[{"count":3,"href":"https:\/\/www.bremer-kantorei-stephani.de\/es\/wp-json\/wp\/v2\/pages\/3461\/revisions"}],"predecessor-version":[{"id":3595,"href":"https:\/\/www.bremer-kantorei-stephani.de\/es\/wp-json\/wp\/v2\/pages\/3461\/revisions\/3595"}],"wp:attachment":[{"href":"https:\/\/www.bremer-kantorei-stephani.de\/es\/wp-json\/wp\/v2\/media?parent=3461"}],"curies":[{"name":"wp","href":"https:\/\/api.w.org\/{rel}","templated":true}]}}