{"id":3446,"date":"2020-11-30T16:12:05","date_gmt":"2020-11-30T15:12:05","guid":{"rendered":"https:\/\/www.bremer-kantorei-stephani.de\/pedir-cd\/"},"modified":"2020-12-01T13:34:57","modified_gmt":"2020-12-01T12:34:57","slug":"pedir-cd","status":"publish","type":"page","link":"https:\/\/www.bremer-kantorei-stephani.de\/es\/pedir-cd\/","title":{"rendered":"Pedir CD"},"content":{"rendered":"\t\t<div data-elementor-type=\"wp-page\" data-elementor-id=\"3446\" class=\"elementor elementor-3446 elementor-3044\" data-elementor-post-type=\"page\">\n\t\t\t\t\t\t<section class=\"elementor-section elementor-top-section elementor-element elementor-element-aa4a1d5 elementor-section-full_width elementor-section-stretched elementor-section-height-default elementor-section-height-default\" data-id=\"aa4a1d5\" data-element_type=\"section\" data-e-type=\"section\" data-settings=\"{&quot;stretch_section&quot;:&quot;section-stretched&quot;}\">\n\t\t\t\t\t\t<div class=\"elementor-container elementor-column-gap-no\">\n\t\t\t\t\t<div class=\"elementor-column elementor-col-100 elementor-top-column elementor-element elementor-element-81e543e\" data-id=\"81e543e\" data-element_type=\"column\" data-e-type=\"column\">\n\t\t\t<div class=\"elementor-widget-wrap elementor-element-populated\">\n\t\t\t\t\t\t<div class=\"elementor-element elementor-element-8fa77f4 elementor--h-position-center elementor--v-position-middle elementor-arrows-position-inside elementor-widget elementor-widget-slides\" data-id=\"8fa77f4\" data-element_type=\"widget\" data-e-type=\"widget\" data-settings=\"{&quot;autoplay_speed&quot;:8000,&quot;transition&quot;:&quot;fade&quot;,&quot;transition_speed&quot;:3000,&quot;navigation&quot;:&quot;arrows&quot;,&quot;autoplay&quot;:&quot;yes&quot;,&quot;pause_on_hover&quot;:&quot;yes&quot;,&quot;pause_on_interaction&quot;:&quot;yes&quot;,&quot;infinite&quot;:&quot;yes&quot;}\" data-widget_type=\"slides.default\">\n\t\t\t\t<div class=\"elementor-widget-container\">\n\t\t\t\t\t\t\t\t\t<div class=\"elementor-swiper\">\n\t\t\t\t\t<div class=\"elementor-slides-wrapper elementor-main-swiper swiper\" role=\"region\" aria-roledescription=\"carousel\" aria-label=\"Diapositivas\" dir=\"ltr\" data-animation=\"fadeInUp\">\n\t\t\t\t<div class=\"swiper-wrapper elementor-slides\">\n\t\t\t\t\t\t\t\t\t\t<div class=\"elementor-repeater-item-f7f212a swiper-slide\" role=\"group\" aria-roledescription=\"slide\"><div class=\"swiper-slide-bg\" role=\"img\" aria-label=\"musik-1\"><\/div><div class=\"swiper-slide-inner\" ><div class=\"swiper-slide-contents\"><\/div><\/div><\/div><div class=\"elementor-repeater-item-06efb07 swiper-slide\" role=\"group\" aria-roledescription=\"slide\"><div class=\"swiper-slide-bg\" role=\"img\" aria-label=\"musik-2\"><\/div><div class=\"swiper-slide-inner\" ><div class=\"swiper-slide-contents\"><\/div><\/div><\/div><div class=\"elementor-repeater-item-b6903b0 swiper-slide\" role=\"group\" aria-roledescription=\"slide\"><div class=\"swiper-slide-bg\" role=\"img\" aria-label=\"musik-3\"><\/div><div class=\"swiper-slide-inner\" ><div class=\"swiper-slide-contents\"><\/div><\/div><\/div><div class=\"elementor-repeater-item-f7105f6 swiper-slide\" role=\"group\" aria-roledescription=\"slide\"><div class=\"swiper-slide-bg\" role=\"img\" aria-label=\"musik-4\"><\/div><div class=\"swiper-slide-inner\" ><div class=\"swiper-slide-contents\"><\/div><\/div><\/div><div class=\"elementor-repeater-item-c21716b swiper-slide\" role=\"group\" aria-roledescription=\"slide\"><div class=\"swiper-slide-bg\" role=\"img\" aria-label=\"musik-5\"><\/div><div class=\"swiper-slide-inner\" ><div class=\"swiper-slide-contents\"><\/div><\/div><\/div><div class=\"elementor-repeater-item-8b2b18d swiper-slide\" role=\"group\" aria-roledescription=\"slide\"><div class=\"swiper-slide-bg\" role=\"img\" aria-label=\"musik-6\"><\/div><div class=\"swiper-slide-inner\" ><div class=\"swiper-slide-contents\"><\/div><\/div><\/div>\t\t\t\t<\/div>\n\t\t\t\t\t\t\t\t\t\t\t\t\t\t\t<div class=\"elementor-swiper-button elementor-swiper-button-prev\" role=\"button\" tabindex=\"0\" aria-label=\"Diapositiva anterior\">\n\t\t\t\t\t\t\t<i aria-hidden=\"true\" class=\"eicon-chevron-left\"><\/i>\t\t\t\t\t\t<\/div>\n\t\t\t\t\t\t<div class=\"elementor-swiper-button elementor-swiper-button-next\" role=\"button\" tabindex=\"0\" aria-label=\"Diapositiva siguiente\">\n\t\t\t\t\t\t\t<i aria-hidden=\"true\" class=\"eicon-chevron-right\"><\/i>\t\t\t\t\t\t<\/div>\n\t\t\t\t\t\t\t\t\t\t\t\t\t\t\t\t\t<\/div>\n\t\t\t\t<\/div>\n\t\t\t\t\t\t\t\t<\/div>\n\t\t\t\t<\/div>\n\t\t\t\t\t<\/div>\n\t\t<\/div>\n\t\t\t\t\t<\/div>\n\t\t<\/section>\n\t\t\t\t<section class=\"elementor-section elementor-top-section elementor-element elementor-element-acf138a elementor-section-full_width elementor-section-stretched elementor-section-height-default elementor-section-height-default\" data-id=\"acf138a\" data-element_type=\"section\" data-e-type=\"section\" data-settings=\"{&quot;stretch_section&quot;:&quot;section-stretched&quot;}\">\n\t\t\t\t\t\t<div class=\"elementor-container elementor-column-gap-no\">\n\t\t\t\t\t<div class=\"elementor-column elementor-col-100 elementor-top-column elementor-element elementor-element-69f758f\" data-id=\"69f758f\" data-element_type=\"column\" data-e-type=\"column\">\n\t\t\t<div class=\"elementor-widget-wrap elementor-element-populated\">\n\t\t\t\t\t\t<div class=\"elementor-element elementor-element-742e956 elementor-widget elementor-widget-spacer\" data-id=\"742e956\" data-element_type=\"widget\" data-e-type=\"widget\" data-widget_type=\"spacer.default\">\n\t\t\t\t<div class=\"elementor-widget-container\">\n\t\t\t\t\t\t\t<div class=\"elementor-spacer\">\n\t\t\t<div class=\"elementor-spacer-inner\"><\/div>\n\t\t<\/div>\n\t\t\t\t\t\t<\/div>\n\t\t\t\t<\/div>\n\t\t\t\t\t<\/div>\n\t\t<\/div>\n\t\t\t\t\t<\/div>\n\t\t<\/section>\n\t\t\t\t<section class=\"elementor-section elementor-top-section elementor-element elementor-element-81822a7 elementor-section-full_width elementor-section-height-default elementor-section-height-default\" data-id=\"81822a7\" data-element_type=\"section\" data-e-type=\"section\">\n\t\t\t\t\t\t<div class=\"elementor-container elementor-column-gap-default\">\n\t\t\t\t\t<div class=\"elementor-column elementor-col-50 elementor-top-column elementor-element elementor-element-6409866\" data-id=\"6409866\" data-element_type=\"column\" data-e-type=\"column\">\n\t\t\t<div class=\"elementor-widget-wrap elementor-element-populated\">\n\t\t\t\t\t\t<div class=\"elementor-element elementor-element-57f00d6 elementor-widget elementor-widget-heading\" data-id=\"57f00d6\" data-element_type=\"widget\" data-e-type=\"widget\" data-widget_type=\"heading.default\">\n\t\t\t\t<div class=\"elementor-widget-container\">\n\t\t\t\t\t<h1 class=\"elementor-heading-title elementor-size-default\">Pedir CD<\/h1>\t\t\t\t<\/div>\n\t\t\t\t<\/div>\n\t\t\t\t<div class=\"elementor-element elementor-element-298e603 elementor-widget elementor-widget-text-editor\" data-id=\"298e603\" data-element_type=\"widget\" data-e-type=\"widget\" data-widget_type=\"text-editor.default\">\n\t\t\t\t<div class=\"elementor-widget-container\">\n\t\t\t\t\t\t\t\t\t<p>Por la presente ver lista de precios Alemania por CD: 3,00 euros \/ Europa por CD: 5,00 euros solicito los CD de forma vinculante por m\u00e1s los gastos de env\u00edo<\/p><p>Los CD solo se pueden enviar individualmente. Por lo tanto para pedidos m\u00faltiples transfiera tambi\u00e9n el franqueo correspondiente.<\/p><p>Lista de precios:<br \/>Mikis Theodorakis \u2013 Axion Esti (Lobgepriesen sei ) \u2013 15,00 euros<br \/>Harald Weiss \u2013 Bremer Requiem \u2013 17,00 euros<br \/>Mandela Tata \u2013 18,00 euros (doble-CD)<\/p>\t\t\t\t\t\t\t\t<\/div>\n\t\t\t\t<\/div>\n\t\t\t\t<div class=\"elementor-element elementor-element-5a3ba64 elementor-widget elementor-widget-text-editor\" data-id=\"5a3ba64\" data-element_type=\"widget\" data-e-type=\"widget\" data-widget_type=\"text-editor.default\">\n\t\t\t\t<div class=\"elementor-widget-container\">\n\t\t\t\t\t\t\t\t\t<p><em>Por favor complete los campos con <span style=\"color: red; font-size: 20px;\">*<\/span> .<\/em>\n<div class=\"wpcf7 no-js\" id=\"wpcf7-f3531-o1\" lang=\"de-DE\" dir=\"ltr\" data-wpcf7-id=\"3531\">\n<div class=\"screen-reader-response\"><p role=\"status\" aria-live=\"polite\" aria-atomic=\"true\"><\/p> <ul><\/ul><\/div>\n<form action=\"\/es\/wp-json\/wp\/v2\/pages\/3446#wpcf7-f3531-o1\" method=\"post\" class=\"wpcf7-form init\" aria-label=\"Kontaktformular\" novalidate=\"novalidate\" data-status=\"init\">\n<fieldset class=\"hidden-fields-container\"><input type=\"hidden\" name=\"_wpcf7\" value=\"3531\" \/><input type=\"hidden\" name=\"_wpcf7_version\" value=\"6.1.5\" \/><input type=\"hidden\" name=\"_wpcf7_locale\" value=\"de_DE_formal\" \/><input type=\"hidden\" name=\"_wpcf7_unit_tag\" value=\"wpcf7-f3531-o1\" \/><input type=\"hidden\" name=\"_wpcf7_container_post\" value=\"0\" \/><input type=\"hidden\" name=\"_wpcf7_posted_data_hash\" value=\"\" \/>\n<\/fieldset>\n<p><label> Nombre y apellido<span style=\"color:red; font-size:20px;\">*<\/span><br \/>\n<span class=\"wpcf7-form-control-wrap\" data-name=\"your-name\"><input size=\"40\" maxlength=\"400\" class=\"wpcf7-form-control wpcf7-text wpcf7-validates-as-required\" aria-required=\"true\" aria-invalid=\"false\" value=\"\" type=\"text\" name=\"your-name\" \/><\/span> <\/label><br \/>\n<span id=\"wpcf7-69f25a06344c8-wrapper\" class=\"wpcf7-form-control-wrap Beruf-wrap\" style=\"display:none !important; visibility:hidden !important;\"><label for=\"wpcf7-69f25a06344c8-field\" class=\"hp-message\">Bitte lassen Sie dieses Feld leer.<\/label><input id=\"wpcf7-69f25a06344c8-field\"  class=\"wpcf7-form-control wpcf7-text\" type=\"text\" name=\"Beruf\" value=\"\" size=\"40\" tabindex=\"-1\" autocomplete=\"new-password\" \/><\/span><br \/>\n<label> Calle y n\u00famero de casa<span style=\"color:red; font-size:20px;\">*<\/span><br \/>\n<span class=\"wpcf7-form-control-wrap\" data-name=\"Strasse-Nr\"><input size=\"40\" maxlength=\"400\" class=\"wpcf7-form-control wpcf7-text wpcf7-validates-as-required\" aria-required=\"true\" aria-invalid=\"false\" value=\"\" type=\"text\" name=\"Strasse-Nr\" \/><\/span> <\/label><br \/>\n<span id=\"wpcf7-69f25a063451d-wrapper\" class=\"wpcf7-form-control-wrap Website-wrap\" style=\"display:none !important; visibility:hidden !important;\"><label for=\"wpcf7-69f25a063451d-field\" class=\"hp-message\">Bitte lassen Sie dieses Feld leer.<\/label><input id=\"wpcf7-69f25a063451d-field\"  class=\"wpcf7-form-control wpcf7-text\" type=\"text\" name=\"Website\" value=\"\" size=\"40\" tabindex=\"-1\" autocomplete=\"new-password\" \/><\/span><br \/>\n<label> Calle y n\u00famero de casa<span style=\"color:red; font-size:20px;\">*<\/span><br \/>\n<span class=\"wpcf7-form-control-wrap\" data-name=\"wohnortplz\"><input size=\"40\" maxlength=\"400\" class=\"wpcf7-form-control wpcf7-text wpcf7-validates-as-required\" aria-required=\"true\" aria-invalid=\"false\" value=\"\" type=\"text\" name=\"wohnortplz\" \/><\/span> <\/label><br \/>\n&nbsp;<br \/>\n<label> Pa\u00eds<span style=\"color:red; font-size:20px;\">*<\/span><br \/>\n<span class=\"wpcf7-form-control-wrap\" data-name=\"Land\"><input size=\"40\" maxlength=\"400\" class=\"wpcf7-form-control wpcf7-text wpcf7-validates-as-required\" aria-required=\"true\" aria-invalid=\"false\" value=\"Espania\" type=\"text\" name=\"Land\" \/><\/span> <\/label><br \/>\n&nbsp;<br \/>\n<label> Tu correo electr\u00f3nico<span style=\"color:red; font-size:20px;\">*<\/span><br \/>\n<span class=\"wpcf7-form-control-wrap\" data-name=\"your-email\"><input size=\"40\" maxlength=\"400\" class=\"wpcf7-form-control wpcf7-email wpcf7-validates-as-required wpcf7-text wpcf7-validates-as-email\" aria-required=\"true\" aria-invalid=\"false\" value=\"\" type=\"email\" name=\"your-email\" \/><\/span> <\/label><br \/>\n&nbsp;<br \/>\n<label>Seleccione el t\u00edtulo del CD!<span style=\"color:red; font-size:20px;\">*<\/span><\/label><br \/>\n&nbsp;<br \/>\n<span class=\"wpcf7-form-control-wrap\" data-name=\"checkbox-168\"><span class=\"wpcf7-form-control wpcf7-checkbox wpcf7-validates-as-required\"><span class=\"wpcf7-list-item first\"><input type=\"checkbox\" name=\"checkbox-168[]\" value=\"Mikis Theodorakis - Axion Esti - 15,00 euros\" \/><span class=\"wpcf7-list-item-label\">Mikis Theodorakis &#8211; Axion Esti &#8211; 15,00 euros<\/span><\/span><span class=\"wpcf7-list-item\"><input type=\"checkbox\" name=\"checkbox-168[]\" value=\"Harald Weiss - Bremer Requiem - 17,00 euros\" \/><span class=\"wpcf7-list-item-label\">Harald Weiss &#8211; Bremer Requiem &#8211; 17,00 euros<\/span><\/span><span class=\"wpcf7-list-item last\"><input type=\"checkbox\" name=\"checkbox-168[]\" value=\"Mandela Tata - 18,00 euros (doble CD)\" \/><span class=\"wpcf7-list-item-label\">Mandela Tata &#8211; 18,00 euros (doble CD)<\/span><\/span><\/span><\/span><br \/>\n&nbsp;<br \/>\n&nbsp;<br \/>\n<label><span class=\"wpcf7-form-control-wrap\" data-name=\"acceptance-316\"><span class=\"wpcf7-form-control wpcf7-acceptance\"><span class=\"wpcf7-list-item\"><input type=\"checkbox\" name=\"acceptance-316\" value=\"1\" aria-invalid=\"false\" \/><\/span><\/span><\/span><span style=\"color:red; font-size:20px;\">*<\/span> S\u00cd, he tomado nota de la pol\u00edtica de privacidad. Acepto que mis datos y datos se recopilar\u00e1n y almacenar\u00e1n electr\u00f3nicamente para responder a mi solicitud.<br \/>\n<\/label>\n<\/p>\n<p><label>Control de seguridad contra spam<span style=\"color:red; font-size:20px;\">*<\/span><br \/>\n<span class=\"wpcf7-form-control-wrap\" data-name=\"quiz-924\"><label><span class=\"wpcf7-quiz-label\">Por favor escriba la palabra &#8211; Kantorei &#8211; en este campo!<\/span> <input size=\"40\" class=\"wpcf7-form-control wpcf7-quiz\" autocomplete=\"off\" aria-required=\"true\" aria-invalid=\"false\" type=\"text\" name=\"quiz-924\" \/><\/label><input type=\"hidden\" name=\"_wpcf7_quiz_answer_quiz-924\" value=\"cc85099dc0c510cc8172f8ad60df474d\" \/><\/span><\/label>\n<\/p>\n<p><input class=\"wpcf7-form-control wpcf7-submit has-spinner\" type=\"submit\" value=\"Haga un pedido vinculante ahora!\" \/>\n<\/p><div class=\"wpcf7-response-output\" aria-hidden=\"true\"><\/div>\n<\/form>\n<\/div>\n<\/p><p>Con la confirmaci\u00f3n del pedido recibir\u00e1 los datos de nuestra cuenta por correo electr\u00f3nico. Despu\u00e9s de recibir el pago le enviaremos los CD deseados.<\/p>\t\t\t\t\t\t\t\t<\/div>\n\t\t\t\t<\/div>\n\t\t\t\t\t<\/div>\n\t\t<\/div>\n\t\t\t\t<div class=\"elementor-column elementor-col-50 elementor-top-column elementor-element elementor-element-b1fde18\" data-id=\"b1fde18\" data-element_type=\"column\" data-e-type=\"column\">\n\t\t\t<div class=\"elementor-widget-wrap elementor-element-populated\">\n\t\t\t\t\t\t<div class=\"elementor-element elementor-element-912a64f elementor-widget elementor-widget-heading\" data-id=\"912a64f\" data-element_type=\"widget\" data-e-type=\"widget\" data-widget_type=\"heading.default\">\n\t\t\t\t<div class=\"elementor-widget-container\">\n\t\t\t\t\t<h2 class=\"elementor-heading-title elementor-size-default\">Mikis Theodorakis \u2013 Axion Esti (Lobgepriesen sei) <\/h2>\t\t\t\t<\/div>\n\t\t\t\t<\/div>\n\t\t\t\t<div class=\"elementor-element elementor-element-48ec9ed elementor-widget elementor-widget-text-editor\" data-id=\"48ec9ed\" data-element_type=\"widget\" data-e-type=\"widget\" data-widget_type=\"text-editor.default\">\n\t\t\t\t<div class=\"elementor-widget-container\">\n\t\t\t\t\t\t\t\t\t<p>Publicado en julio de 2015<\/p>\n\t\t\t\t\t\t\t\t<\/div>\n\t\t\t\t<\/div>\n\t\t\t\t<div class=\"elementor-element elementor-element-497dad2 elementor-widget elementor-widget-image\" data-id=\"497dad2\" data-element_type=\"widget\" data-e-type=\"widget\" data-widget_type=\"image.default\">\n\t\t\t\t<div class=\"elementor-widget-container\">\n\t\t\t\t\t\t\t\t\t\t\t\t\t\t\t<img decoding=\"async\" width=\"213\" height=\"212\" src=\"https:\/\/www.bremer-kantorei-stephani.de\/wp-content\/uploads\/axionesti-2015.jpg\" class=\"attachment-large size-large wp-image-2664\" alt=\"\" srcset=\"https:\/\/www.bremer-kantorei-stephani.de\/wp-content\/uploads\/axionesti-2015.jpg 213w, https:\/\/www.bremer-kantorei-stephani.de\/wp-content\/uploads\/axionesti-2015-150x150.jpg 150w\" sizes=\"(max-width: 213px) 100vw, 213px\" \/>\t\t\t\t\t\t\t\t\t\t\t\t\t\t\t<\/div>\n\t\t\t\t<\/div>\n\t\t\t\t<div class=\"elementor-element elementor-element-333dfc6 elementor-widget elementor-widget-text-editor\" data-id=\"333dfc6\" data-element_type=\"widget\" data-e-type=\"widget\" data-widget_type=\"text-editor.default\">\n\t\t\t\t<div class=\"elementor-widget-container\">\n\t\t\t\t\t\t\t\t\t<p>Version alemana <strong>del 90 cumplea\u00f1os de Mikis Theodorakis,<\/strong> Oratorio para locutor, 2 solos de bar\u00edtono, coro<\/p>\n<p><strong>Folklore- und Sinfonieorchester<\/strong>\u00a0 Thomas C. Zinke<br \/>\n<strong>Recitationenes\u00a0 <\/strong>Armin Kolarczyk &#8211; bar\u00edtono<br \/>\nStefan Uhlig &#8211; Cantate de folk<br \/>\n<strong>Coros<\/strong>\u00a0Bremer Kantorei St. Stephani, Ensemble d\u00b4accord Orchester \u201cAxion Esti\u201d <strong>Conductor<\/strong> Tim G\u00fcnther<\/p>\n<p>15,00 euros m\u00e1s gastos de env\u00edo<\/p>\n\t\t\t\t\t\t\t\t<\/div>\n\t\t\t\t<\/div>\n\t\t\t\t<div class=\"elementor-element elementor-element-cf313d6 elementor-widget elementor-widget-heading\" data-id=\"cf313d6\" data-element_type=\"widget\" data-e-type=\"widget\" data-widget_type=\"heading.default\">\n\t\t\t\t<div class=\"elementor-widget-container\">\n\t\t\t\t\t<h2 class=\"elementor-heading-title elementor-size-default\">Harald Weiss \u2013 Bremer Requiem<\/h2>\t\t\t\t<\/div>\n\t\t\t\t<\/div>\n\t\t\t\t<div class=\"elementor-element elementor-element-d4fe885 elementor-widget elementor-widget-text-editor\" data-id=\"d4fe885\" data-element_type=\"widget\" data-e-type=\"widget\" data-widget_type=\"text-editor.default\">\n\t\t\t\t<div class=\"elementor-widget-container\">\n\t\t\t\t\t\t\t\t\t<p>Publicado en agosto de 2018<\/p>\n\t\t\t\t\t\t\t\t<\/div>\n\t\t\t\t<\/div>\n\t\t\t\t<div class=\"elementor-element elementor-element-e27c75f elementor-widget elementor-widget-image\" data-id=\"e27c75f\" data-element_type=\"widget\" data-e-type=\"widget\" data-widget_type=\"image.default\">\n\t\t\t\t<div class=\"elementor-widget-container\">\n\t\t\t\t\t\t\t\t\t\t\t\t\t\t\t<img decoding=\"async\" width=\"213\" height=\"212\" src=\"https:\/\/www.bremer-kantorei-stephani.de\/wp-content\/uploads\/cd_bremer-requiem-2019.jpg\" class=\"attachment-large size-large wp-image-2666\" alt=\"\" srcset=\"https:\/\/www.bremer-kantorei-stephani.de\/wp-content\/uploads\/cd_bremer-requiem-2019.jpg 213w, https:\/\/www.bremer-kantorei-stephani.de\/wp-content\/uploads\/cd_bremer-requiem-2019-150x150.jpg 150w\" sizes=\"(max-width: 213px) 100vw, 213px\" \/>\t\t\t\t\t\t\t\t\t\t\t\t\t\t\t<\/div>\n\t\t\t\t<\/div>\n\t\t\t\t<div class=\"elementor-element elementor-element-5154e4c elementor-widget elementor-widget-text-editor\" data-id=\"5154e4c\" data-element_type=\"widget\" data-e-type=\"widget\" data-widget_type=\"text-editor.default\">\n\t\t\t\t<div class=\"elementor-widget-container\">\n\t\t\t\t\t\t\t\t\t<p>dedicado a Bremer Kantorei St. Stephani.<br \/>\n<strong>Oratorio para solos, coro, fliscorno y orquesta<\/strong><\/p>\n<p><strong>Soprano<\/strong>\u00a0 Anja Metzger<br \/>\n<strong>Chico Soprano<\/strong>\u00a0 Samuel Rikus<br \/>\n<strong>Tenor<\/strong> Clemens C. L\u00f6schmann<br \/>\n<strong>Coro<\/strong>\u00a0 Bremer Kantorei St. Stephani<br \/>\nMitglieder der Bremer Philharmoniker<br \/>\n<strong>Conductor<\/strong>\u00a0 Tim G\u00fcnther<\/p>\n<p>17,00 euros m\u00e1s gastos de env\u00edo<\/p>\n\t\t\t\t\t\t\t\t<\/div>\n\t\t\t\t<\/div>\n\t\t\t\t<div class=\"elementor-element elementor-element-b9d0f41 elementor-widget elementor-widget-heading\" data-id=\"b9d0f41\" data-element_type=\"widget\" data-e-type=\"widget\" data-widget_type=\"heading.default\">\n\t\t\t\t<div class=\"elementor-widget-container\">\n\t\t\t\t\t<h2 class=\"elementor-heading-title elementor-size-default\">Mandela Tata<\/h2>\t\t\t\t<\/div>\n\t\t\t\t<\/div>\n\t\t\t\t<div class=\"elementor-element elementor-element-6f71a90 elementor-widget elementor-widget-text-editor\" data-id=\"6f71a90\" data-element_type=\"widget\" data-e-type=\"widget\" data-widget_type=\"text-editor.default\">\n\t\t\t\t<div class=\"elementor-widget-container\">\n\t\t\t\t\t\t\t\t\t<p>Publicado en agosto de 2018, doble CD<\/p>\n\t\t\t\t\t\t\t\t<\/div>\n\t\t\t\t<\/div>\n\t\t\t\t<div class=\"elementor-element elementor-element-cd18663 elementor-widget elementor-widget-image\" data-id=\"cd18663\" data-element_type=\"widget\" data-e-type=\"widget\" data-widget_type=\"image.default\">\n\t\t\t\t<div class=\"elementor-widget-container\">\n\t\t\t\t\t\t\t\t\t\t\t\t\t\t\t<img decoding=\"async\" width=\"213\" height=\"212\" src=\"https:\/\/www.bremer-kantorei-stephani.de\/wp-content\/uploads\/cd_nelson-mandela.jpg\" class=\"attachment-full size-full wp-image-2668\" alt=\"\" srcset=\"https:\/\/www.bremer-kantorei-stephani.de\/wp-content\/uploads\/cd_nelson-mandela.jpg 213w, https:\/\/www.bremer-kantorei-stephani.de\/wp-content\/uploads\/cd_nelson-mandela-150x150.jpg 150w\" sizes=\"(max-width: 213px) 100vw, 213px\" \/>\t\t\t\t\t\t\t\t\t\t\t\t\t\t\t<\/div>\n\t\t\t\t<\/div>\n\t\t\t\t<div class=\"elementor-element elementor-element-d37ec0e elementor-widget elementor-widget-text-editor\" data-id=\"d37ec0e\" data-element_type=\"widget\" data-e-type=\"widget\" data-widget_type=\"text-editor.default\">\n\t\t\t\t<div class=\"elementor-widget-container\">\n\t\t\t\t\t\t\t\t\t<p><strong>Dedicado a Nelson Mandela con motivo de su centenario<\/strong><\/p>\n<p><strong>Piano y \u00f3rgano<\/strong>\u00a0 Melvin Peters<br \/>\n<strong>Mezzosoprano<\/strong>\u00a0 Claudia Beckerath<br \/>\n<strong>Solo y direcci\u00f3n<\/strong>\u00a0 Peter Dahm<br \/>\n<strong>Piano y acorde\u00f3n<\/strong>\u00a0 Thomas Krizsan<br \/>\n<strong>Bombardino y guitarra<\/strong>\u00a0 Uli Sobotta<br \/>\n<strong>Contrabajo<\/strong>\u00a0 \u00a0Ralf Stahn<br \/>\n<strong>Tambores<\/strong>\u00a0 G\u00fcnter Orendi<br \/>\n<strong>Coro<\/strong>\u00a0 Die Bremer Saxen, \u201eEnsemble d\u00b4accord\u201c<br \/>\n<strong>Direcci\u00f3n, \u00f3rgano piano y direcci\u00f3n general<\/strong>\u00a0 Tim G\u00fcnther<\/p>\n<p>18,00 euros m\u00e1s gastos de env\u00edo<\/p>\n\t\t\t\t\t\t\t\t<\/div>\n\t\t\t\t<\/div>\n\t\t\t\t\t<\/div>\n\t\t<\/div>\n\t\t\t\t\t<\/div>\n\t\t<\/section>\n\t\t\t\t<section class=\"elementor-section elementor-top-section elementor-element elementor-element-9476e17 elementor-section-boxed elementor-section-height-default elementor-section-height-default\" data-id=\"9476e17\" data-element_type=\"section\" data-e-type=\"section\">\n\t\t\t\t\t\t<div class=\"elementor-container elementor-column-gap-default\">\n\t\t\t\t\t<div class=\"elementor-column elementor-col-100 elementor-top-column elementor-element elementor-element-afebff8\" data-id=\"afebff8\" data-element_type=\"column\" data-e-type=\"column\">\n\t\t\t<div class=\"elementor-widget-wrap elementor-element-populated\">\n\t\t\t\t\t\t<div class=\"elementor-element elementor-element-bca4270 elementor-widget elementor-widget-spacer\" data-id=\"bca4270\" data-element_type=\"widget\" data-e-type=\"widget\" data-widget_type=\"spacer.default\">\n\t\t\t\t<div class=\"elementor-widget-container\">\n\t\t\t\t\t\t\t<div class=\"elementor-spacer\">\n\t\t\t<div class=\"elementor-spacer-inner\"><\/div>\n\t\t<\/div>\n\t\t\t\t\t\t<\/div>\n\t\t\t\t<\/div>\n\t\t\t\t\t<\/div>\n\t\t<\/div>\n\t\t\t\t\t<\/div>\n\t\t<\/section>\n\t\t\t\t<\/div>\n\t\t","protected":false},"excerpt":{"rendered":"<p>Voriger N\u00e4chster Pedir CD Por la presente ver lista de precios Alemania por CD: 3,00 euros \/ Europa por CD: 5,00 euros solicito los CD de forma vinculante por m\u00e1s los gastos de env\u00edo Los CD solo se pueden enviar individualmente. Por lo tanto para&#8230;<\/p>\n","protected":false},"author":2,"featured_media":0,"parent":0,"menu_order":0,"comment_status":"closed","ping_status":"closed","template":"","meta":{"footnotes":""},"class_list":["post-3446","page","type-page","status-publish","hentry"],"_links":{"self":[{"href":"https:\/\/www.bremer-kantorei-stephani.de\/es\/wp-json\/wp\/v2\/pages\/3446","targetHints":{"allow":["GET"]}}],"collection":[{"href":"https:\/\/www.bremer-kantorei-stephani.de\/es\/wp-json\/wp\/v2\/pages"}],"about":[{"href":"https:\/\/www.bremer-kantorei-stephani.de\/es\/wp-json\/wp\/v2\/types\/page"}],"author":[{"embeddable":true,"href":"https:\/\/www.bremer-kantorei-stephani.de\/es\/wp-json\/wp\/v2\/users\/2"}],"replies":[{"embeddable":true,"href":"https:\/\/www.bremer-kantorei-stephani.de\/es\/wp-json\/wp\/v2\/comments?post=3446"}],"version-history":[{"count":3,"href":"https:\/\/www.bremer-kantorei-stephani.de\/es\/wp-json\/wp\/v2\/pages\/3446\/revisions"}],"predecessor-version":[{"id":3534,"href":"https:\/\/www.bremer-kantorei-stephani.de\/es\/wp-json\/wp\/v2\/pages\/3446\/revisions\/3534"}],"wp:attachment":[{"href":"https:\/\/www.bremer-kantorei-stephani.de\/es\/wp-json\/wp\/v2\/media?parent=3446"}],"curies":[{"name":"wp","href":"https:\/\/api.w.org\/{rel}","templated":true}]}}